{"id":7,"date":"2021-04-19T13:58:49","date_gmt":"2021-04-19T16:58:49","guid":{"rendered":"http:\/\/tallermirasol.cl\/?page_id=7"},"modified":"2021-05-11T11:19:16","modified_gmt":"2021-05-11T14:19:16","slug":"acerca-de","status":"publish","type":"page","link":"https:\/\/tallermirasol.cl\/index.php\/acerca-de\/","title":{"rendered":"Yanina Calvanese"},"content":{"rendered":"\n<p class=\"container\"><\/p>\n\n\n\n<div class=\"wp-block-columns container\">\n<div class=\"wp-block-column\" style=\"flex-basis:66.66%\">\n<p>30 A\u00f1os lleva Yanina Calvanese en su taller, inmersa en el mundo de las alfombras bordadas.&nbsp; Ah\u00ed, los libros que recogen antiguos dise\u00f1os de oriente junto con las alfombras que ha visto en museos y otros lugares, son su inspiraci\u00f3n para sus trabajos que ha ido modernizando a lo largo de los a\u00f1os para diversificar su portafolio.<\/p>\n\n\n\n<p>Sus dise\u00f1os entonces van desde los dise\u00f1os con motivos Kelim o Turcos pasando por estilos modernos y contempor\u00e1neos hasta opciones que hoy incluso combinan un poco de ambos estilos en sus nuevas creaciones.<\/p>\n\n\n\n<p>De esta manera, se respeta la tradici\u00f3n pero tambi\u00e9n se innova, siguiendo los gustos y preferencias de sus clientas.<br><\/p>\n\n\n\n<p>Si ya ha bordado alfombras, sabr\u00e1n que es una t\u00e9cnica simple, pero que requiere de bastante paciencia.&nbsp;<\/p>\n\n\n\n<p>Si nunca lo ha hecho, entonces es momento de asumir el desaf\u00edo.&nbsp;<\/p>\n\n\n\n<p>Esterilla, lanas de diferentes tonalidades y aguja de bordar es todo lo que se necesita para realizar las alfombras que les presentamos.<\/p>\n\n\n\n<p class=\"has-text-align-left\"><br><\/p>\n<\/div>\n\n\n\n<div class=\"wp-block-column\" style=\"flex-basis:33.33%\">\n<figure class=\"wp-block-image size-large\"><img loading=\"lazy\" width=\"768\" height=\"1024\" src=\"http:\/\/tallermirasol.cl\/wp-content\/uploads\/2021\/05\/IMG_4977-768x1024.jpg\" alt=\"\" class=\"wp-image-659\" srcset=\"https:\/\/tallermirasol.cl\/wp-content\/uploads\/2021\/05\/IMG_4977-768x1024.jpg 768w, https:\/\/tallermirasol.cl\/wp-content\/uploads\/2021\/05\/IMG_4977-225x300.jpg 225w, https:\/\/tallermirasol.cl\/wp-content\/uploads\/2021\/05\/IMG_4977-600x800.jpg 600w, https:\/\/tallermirasol.cl\/wp-content\/uploads\/2021\/05\/IMG_4977-1152x1536.jpg 1152w, https:\/\/tallermirasol.cl\/wp-content\/uploads\/2021\/05\/IMG_4977-1536x2048.jpg 1536w, https:\/\/tallermirasol.cl\/wp-content\/uploads\/2021\/05\/IMG_4977-scaled.jpg 1920w\" sizes=\"(max-width: 768px) 100vw, 768px\" \/><\/figure>\n<\/div>\n<\/div>\n\n\n\n<p><\/p>\n","protected":false},"excerpt":{"rendered":"<p>30 A\u00f1os lleva Yanina Calvanese en su taller, inmersa en el mundo de las alfombras bordadas.&nbsp; Ah\u00ed, los libros que recogen antiguos dise\u00f1os de oriente junto con las alfombras que ha visto en museos y otros lugares, son su inspiraci\u00f3n para sus trabajos que ha ido modernizando a lo largo de los a\u00f1os para diversificar su portafolio. Sus dise\u00f1os entonces van desde los dise\u00f1os con motivos Kelim o Turcos pasando por estilos modernos y contempor\u00e1neos hasta opciones que hoy incluso combinan un poco de ambos estilos en sus nuevas creaciones. De esta manera, se respeta la tradici\u00f3n pero tambi\u00e9n se innova, siguiendo los gustos y preferencias de sus clientas. Si ya ha bordado alfombras, sabr\u00e1n que es una t\u00e9cnica simple, pero que requiere de bastante paciencia.&nbsp; Si nunca lo ha hecho, entonces es momento de asumir el desaf\u00edo.&nbsp; Esterilla, lanas de diferentes tonalidades y aguja de bordar es todo lo&hellip;<\/p>\n","protected":false},"author":1,"featured_media":0,"parent":0,"menu_order":0,"comment_status":"closed","ping_status":"closed","template":"","meta":[],"_links":{"self":[{"href":"https:\/\/tallermirasol.cl\/index.php\/wp-json\/wp\/v2\/pages\/7"}],"collection":[{"href":"https:\/\/tallermirasol.cl\/index.php\/wp-json\/wp\/v2\/pages"}],"about":[{"href":"https:\/\/tallermirasol.cl\/index.php\/wp-json\/wp\/v2\/types\/page"}],"author":[{"embeddable":true,"href":"https:\/\/tallermirasol.cl\/index.php\/wp-json\/wp\/v2\/users\/1"}],"replies":[{"embeddable":true,"href":"https:\/\/tallermirasol.cl\/index.php\/wp-json\/wp\/v2\/comments?post=7"}],"version-history":[{"count":24,"href":"https:\/\/tallermirasol.cl\/index.php\/wp-json\/wp\/v2\/pages\/7\/revisions"}],"predecessor-version":[{"id":661,"href":"https:\/\/tallermirasol.cl\/index.php\/wp-json\/wp\/v2\/pages\/7\/revisions\/661"}],"wp:attachment":[{"href":"https:\/\/tallermirasol.cl\/index.php\/wp-json\/wp\/v2\/media?parent=7"}],"curies":[{"name":"wp","href":"https:\/\/api.w.org\/{rel}","templated":true}]}}