{"id":401,"date":"2021-04-25T14:09:02","date_gmt":"2021-04-25T17:09:02","guid":{"rendered":"http:\/\/tallermirasol.cl\/?post_type=product&#038;p=401"},"modified":"2021-05-08T16:34:37","modified_gmt":"2021-05-08T19:34:37","slug":"colgante-irregular-arbol-de-la-vida-mirasol-19","status":"publish","type":"product","link":"https:\/\/tallermirasol.cl\/index.php\/producto\/colgante-irregular-arbol-de-la-vida-mirasol-19\/","title":{"rendered":"Colgante Irregular Arbol de la Vida Mirasol 19"},"content":{"rendered":"<p>Colgante Irregular del Arbol de la Vida bordada por Nen\u00e9 Moya<\/p>\n<p>Dimensiones: 70 x 110 cm<\/p>\n<p>Producto a Pedido<\/p>\n<p>Rango de Precios es sin lanas y con aprox. 9 lanas<\/p>\n<p>Colores a elecci\u00f3n<\/p>\n<p>**Cr\u00e9ditos Foto: Revista Materia Prima<\/p>\n<p>Valor entre $48.000 y $84.000<\/p>\n","protected":false},"excerpt":{"rendered":"<p>Colgante Irregular del Arbol de la Vida bordada por Nen\u00e9 Moya Dimensiones: 70 x 110 cm Producto a Pedido Rango de Precios es sin lanas y con aprox. 9 lanas Colores a elecci\u00f3n **Cr\u00e9ditos Foto: Revista Materia Prima Valor entre $48.000 y $84.000<\/p>\n","protected":false},"featured_media":360,"comment_status":"open","ping_status":"closed","template":"","meta":[],"_links":{"self":[{"href":"https:\/\/tallermirasol.cl\/index.php\/wp-json\/wp\/v2\/product\/401"}],"collection":[{"href":"https:\/\/tallermirasol.cl\/index.php\/wp-json\/wp\/v2\/product"}],"about":[{"href":"https:\/\/tallermirasol.cl\/index.php\/wp-json\/wp\/v2\/types\/product"}],"replies":[{"embeddable":true,"href":"https:\/\/tallermirasol.cl\/index.php\/wp-json\/wp\/v2\/comments?post=401"}],"wp:featuredmedia":[{"embeddable":true,"href":"https:\/\/tallermirasol.cl\/index.php\/wp-json\/wp\/v2\/media\/360"}],"wp:attachment":[{"href":"https:\/\/tallermirasol.cl\/index.php\/wp-json\/wp\/v2\/media?parent=401"}],"curies":[{"name":"wp","href":"https:\/\/api.w.org\/{rel}","templated":true}]}}