{"id":409,"date":"2021-04-25T14:18:03","date_gmt":"2021-04-25T17:18:03","guid":{"rendered":"http:\/\/tallermirasol.cl\/?post_type=product&#038;p=409"},"modified":"2021-05-08T16:28:55","modified_gmt":"2021-05-08T19:28:55","slug":"alfombra-persa-mirasol-26","status":"publish","type":"product","link":"https:\/\/tallermirasol.cl\/index.php\/producto\/alfombra-persa-mirasol-26\/","title":{"rendered":"Alfombra Persa Mirasol 26"},"content":{"rendered":"<p>Alfombra Persa bordada por In\u00e9s Kunkel<\/p>\n<p>Dimensiones: 80 x 140 cm<\/p>\n<p>Producto a Pedido<\/p>\n<p>Rango de Precios es sin lanas y con aprox. 10 lanas<\/p>\n<p>Colores a elecci\u00f3n<\/p>\n<p>**Cr\u00e9ditos Foto: Revista Materia Prima<\/p>\n<p>Valor entre $50.000 y $90.000<\/p>\n","protected":false},"excerpt":{"rendered":"<p>Alfombra Persa bordada por In\u00e9s Kunkel Dimensiones: 80 x 140 cm Producto a Pedido Rango de Precios es sin lanas y con aprox. 10 lanas Colores a elecci\u00f3n **Cr\u00e9ditos Foto: Revista Materia Prima Valor entre $50.000 y $90.000<\/p>\n","protected":false},"featured_media":354,"comment_status":"open","ping_status":"closed","template":"","meta":[],"_links":{"self":[{"href":"https:\/\/tallermirasol.cl\/index.php\/wp-json\/wp\/v2\/product\/409"}],"collection":[{"href":"https:\/\/tallermirasol.cl\/index.php\/wp-json\/wp\/v2\/product"}],"about":[{"href":"https:\/\/tallermirasol.cl\/index.php\/wp-json\/wp\/v2\/types\/product"}],"replies":[{"embeddable":true,"href":"https:\/\/tallermirasol.cl\/index.php\/wp-json\/wp\/v2\/comments?post=409"}],"wp:featuredmedia":[{"embeddable":true,"href":"https:\/\/tallermirasol.cl\/index.php\/wp-json\/wp\/v2\/media\/354"}],"wp:attachment":[{"href":"https:\/\/tallermirasol.cl\/index.php\/wp-json\/wp\/v2\/media?parent=409"}],"curies":[{"name":"wp","href":"https:\/\/api.w.org\/{rel}","templated":true}]}}